{"id":11,"date":"2017-09-22T06:33:19","date_gmt":"2017-09-22T05:33:19","guid":{"rendered":"http:\/\/www.alexfocus.com\/boutique\/mon-compte\/"},"modified":"2017-09-22T06:33:19","modified_gmt":"2017-09-22T05:33:19","slug":"mon-compte","status":"publish","type":"page","link":"https:\/\/www.alexfocus.com\/boutique\/mon-compte\/","title":{"rendered":"Mon compte"},"content":{"rendered":"<div class=\"woocommerce\"><\/div>\n","protected":false},"excerpt":{"rendered":"","protected":false},"author":1,"featured_media":0,"parent":0,"menu_order":0,"comment_status":"closed","ping_status":"closed","template":"","meta":{"jetpack_post_was_ever_published":false},"jetpack_sharing_enabled":true,"jetpack_shortlink":"https:\/\/wp.me\/P9d3ei-b","jetpack_likes_enabled":true,"jetpack-related-posts":[{"id":2,"url":"https:\/\/www.alexfocus.com\/boutique\/page-d-exemple\/","url_meta":{"origin":11,"position":0},"title":"Page d\u2019exemple","author":"Jean Alexandre","date":"21 septembre 2017","format":false,"excerpt":"Voici un exemple de page. Elle est diff\u00e9rente d'un article de blogue, en cela qu'elle restera \u00e0 la m\u00eame place, et s'affichera dans le menu de navigation de votre site (en fonction de votre th\u00e8me). La plupart des gens commencent par \u00e9crire une page \u00ab \u00c0 Propos \u00bb qui les\u2026","rel":"","context":"Similar post","block_context":{"text":"Similar post","link":""},"img":{"alt_text":"","src":"","width":0,"height":0},"classes":[]}],"_links":{"self":[{"href":"https:\/\/www.alexfocus.com\/boutique\/wp-json\/wp\/v2\/pages\/11"}],"collection":[{"href":"https:\/\/www.alexfocus.com\/boutique\/wp-json\/wp\/v2\/pages"}],"about":[{"href":"https:\/\/www.alexfocus.com\/boutique\/wp-json\/wp\/v2\/types\/page"}],"author":[{"embeddable":true,"href":"https:\/\/www.alexfocus.com\/boutique\/wp-json\/wp\/v2\/users\/1"}],"replies":[{"embeddable":true,"href":"https:\/\/www.alexfocus.com\/boutique\/wp-json\/wp\/v2\/comments?post=11"}],"version-history":[{"count":0,"href":"https:\/\/www.alexfocus.com\/boutique\/wp-json\/wp\/v2\/pages\/11\/revisions"}],"wp:attachment":[{"href":"https:\/\/www.alexfocus.com\/boutique\/wp-json\/wp\/v2\/media?parent=11"}],"curies":[{"name":"wp","href":"https:\/\/api.w.org\/{rel}","templated":true}]}}